{"id":16,"date":"2019-05-10T20:51:11","date_gmt":"2019-05-10T20:51:11","guid":{"rendered":"http:\/\/wp.follow-me24.de\/?page_id=16"},"modified":"2023-12-17T14:38:13","modified_gmt":"2023-12-17T14:38:13","slug":"impressum","status":"publish","type":"page","link":"http:\/\/wp.follow-me24.de\/?page_id=16","title":{"rendered":"Impressum"},"content":{"rendered":"\n<p>Die Seite follow-me24.de ist ein Angebot der Wothke-Weber GmbH<\/p>\n\n\n\n<p>Wothke-Weber GmbH<br>Landsberger Stra\u00dfe 28<br>48161 M\u00fcnster<\/p>\n\n\n\n<p>Gesch\u00e4ftsf\u00fchrer: Manuel B\u00fccker<\/p>\n\n\n\n<p>Telefon 0251\/141 84 -0<br>Telefax 0251\/141 84-11<\/p>\n\n\n\n<p><a href=\"mailto:info@wothke-weber.de\">info@wothke-weber.de<\/a><\/p>\n\n\n\n<p>USt.-IdNr. DE 287 704 026<\/p>\n\n\n\n<p>Steuer-Nr. 336\/5775\/2934<\/p>\n\n\n\n<p>M\u00fcnster&nbsp;HRB 14301<\/p>\n\n\n\n<p>Inhaltlich Verantwortlich: Manuel B\u00fccker<\/p>\n\n\n\n<h3>Allgemeinen Nutzungsbedingungen<\/h3>\n\n\n\n<h4>Anwendungsbereich \/ Geltung<\/h4>\n\n\n\n<p>Bei follow-me24.de handelt es sich um ein Internetangebot der Wothke-Weber GmbH. Die nachfolgenden Allgemeinen Nutzungsbedingungen gelten f\u00fcr den Zugang zu und die Nutzung von auf dieser Website bereitgestellten Inhalten. Sie gelten ebenfalls f\u00fcr mittels Link verbundener Websites von mit Wothke-Weber verbundenen Unternehmen. Mit Zugriff auf diese Website erkl\u00e4rt sich der Nutzer mit diesen Allgemeinen Nutzungsbedingungen einverstanden. Wothke-Weber ist jederzeit berechtigt, den Inhalt dieser Allgemeinen Nutzungsbedingungen ohne vorherige Ank\u00fcndigung zu \u00e4ndern. Durch die anhaltende Nutzung von follow-me24.de oder wothke-weber.de erkl\u00e4rt sich der Nutzer mit den \u00c4nderungen einverstanden.<\/p>\n\n\n\n<h4>Nutzung der Inhalte<\/h4>\n\n\n\n<p>Die \u00fcber die Website vorgehaltenen Inhalte sind mit Ausnahme gesondert gekennzeichneter Services im Rahmen eines geschlossenen Nutzerkreises (Extranet) f\u00fcr jedermann frei zug\u00e4nglich und d\u00fcrfen ausschlie\u00dflich nur f\u00fcr private Zwecke genutzt werden. Wothke-Weber beh\u00e4lt sich vor, Inhalte von  follow-me24.de  jederzeit zu beenden, auszuweiten oder einzuschr\u00e4nken. Soweit sich der Nutzer f\u00fcr besondere Services im Bereich Extranet registriert hat, finden auf diesen Service die insoweit getroffenen vertraglichen Absprachen Anwendung.<\/p>\n\n\n\n<h4>Gew\u00e4hrleistung<\/h4>\n\n\n\n<ol><li>Die Nutzung dieser Website erfolgt auf eigene Gefahr. Preisangaben erfolgen nach bestem Wissen, aber ohne Gew\u00e4hr. Wothke-Weber \u00fcbernimmt keine Gew\u00e4hr daf\u00fcr, dass diese Website sowie deren Inhalte stets zur Verf\u00fcgung stehen. Wothke-Weber \u00fcbernimmt insbesondere keine Gew\u00e4hr f\u00fcr die Eignung der Inhalte f\u00fcr einen bestimmten Zweck, deren Richtigkeit und Vollst\u00e4ndigkeit sowie das Nichtvorhandensein von Viren und die fehlerfreie \u00dcbertragung.<\/li><li>F\u00fcr sonstige, \u00fcber ein Link eingestellte bzw. angebotene Inhalte und Leistungen nicht firmenangeh\u00f6render Dritter \u00fcbernimmt Wothke-Weber keine Verantwortung. Insoweit vermittelt Wothke-Weber lediglich den Zugang. Sofern ein Nutzer mit Dritten Rechtsgesch\u00e4fte abschlie\u00dft, z.B. \u00fcber den Kauf von Waren oder die Erbringung von Dienstleistungen, ist Wothke-Weber an diesen Gesch\u00e4ften nicht beteiligt. Gegen\u00fcber Wothke-Weber bestehen weder Rechte noch Pflichten aus solchen Gesch\u00e4ften.<\/li><li>Wothke-Weber weist darauf hin, dass sie sich die Inhalte der MicroSites sowie der Banner und sonstiger Werbefl\u00e4chen nicht zu eigen macht, und keine Gew\u00e4hr f\u00fcr diese \u00fcbernimmt, soweit die Inhalte nicht von Wothke-Weber stammen.<\/li><\/ol>\n\n\n\n<h4>Haftungsausschluss<\/h4>\n\n\n\n<p>F\u00fcr Sch\u00e4den, gleich woraus sie resultieren, haftet Wothke-Weber nur bei Vorsatz oder grober Fahrl\u00e4ssigkeit ihrer Angestellten oder sonstigen Erf\u00fcllungsgehilfen. Dies gilt entsprechend im Falle der Verletzung vor- oder nebenvertraglicher Pflichten. Auch die Haftung f\u00fcr einfach fahrl\u00e4ssige Pflichtverletzung wird ausgeschlossen, soweit diese keine vertragswesentlichen Pflichten betreffen. Ersatzanspr\u00fcche sind auf den typischen vorhersehbaren Schaden begrenzt. Soweit Leistungen nicht firmennangeh\u00f6render Dritter in Anspruch genommen werden, haftet Wothke-Weber nicht f\u00fcr deren qualitative oder quantitative Verf\u00fcgbarkeit.<\/p>\n\n\n\n<h4>Rechte an den Inhalten<\/h4>\n\n\n\n<p>S\u00e4mtliche Rechte (z.B. Copyrights, Urheber- oder Markenrechte) in Bezug auf die auf dieser Website eingestellten Inhalte verbleiben bei Wothke-Weber oder ihren Lizenzgebern. Es ist strengstens untersagt, Informationen oder Marken von dieser Website zu benutzen, zu vervielf\u00e4ltigen, zu verarbeiten, weiterzuverbreiten, zu ver\u00f6ffentlichen oder herunterzuladen, es sei denn, es ist explizit in den Allgemeinen Nutzungsbedingungen erlaubt. Auch durch die Registrierung im Extranet erwirbt der Nutzer keinerlei Rechte oder Lizenzen an den Inhalten mit Ausnahme des beschr\u00e4nkten Rechts, die Services sowie die Inhalte nach Ma\u00dfgabe der Allgemeinen Nutzungsbedingungen bzw. vertraglichen Absprachen zu nutzen.<\/p>\n\n\n\n<p><strong>Keine Abmahnung ohne vorherigen Kontakt !<br><\/strong>Wir haben die Homepage nach besten Wissen gestaltet. Im Falle von Geltendmachung von wettbewerbsrechtlichen, urheberrechtlichen oder markenrechtlichen Anspr\u00fcchen bitten wir zur Vermeidung unn\u00f6tiger Rechtsstreitigkeiten, Abmahnungen und Kosten um vorherige Kontaktaufnahme. Wir sagen eine unverz\u00fcgliche Pr\u00fcfung der Anspr\u00fcche und im Falle von deren Berechtigung, die Abgabe einer strafbewerten Unterlassungserkl\u00e4rung zu. Beim Eingang einer Kostennote infolge einer anwaltlichen Abmahnung ohne vorherige Kontaktaufnahme werden wir diese wegen Versto\u00df gegen die Schadensminderungspflicht zur\u00fcckweisen und behalten uns die Erhebung einer negativen Feststellungsklage vor.<\/p>\n\n\n\n<h4>Schlussbestimmungen<\/h4>\n\n\n\n<p>Es gilt ausschlie\u00dflich das Recht der Bundesrepublik Deutschland. Erf\u00fcllungsort ist M\u00fcnster\/Westfalen. Ausschlie\u00dflicher Gerichtsstand aller Anspr\u00fcche im Zusammenhang mit diesen Bestimmungen ist ebenfalls M\u00fcnster\/Westfalen.<\/p>\n\n\n\n<p>Sollte eine Bestimmung dieser Allgemeinen Nutzungsbedingungen unwirksam sein oder werden, so wird die Wirksamkeit der Nutzungsbedingungen im \u00dcbrigen hierdurch nicht ber\u00fchrt. An die Stelle der unwirksamen Bedingung gilt diejenige Bedingung als ma\u00dfgeblich, die dem Sinn und Zweck der unwirksamen Bedingung am n\u00e4chsten kommt. Entsprechendes gilt bei Unvollst\u00e4ndigkeit der Nutzungsbedingungen.<\/p>\n","protected":false},"excerpt":{"rendered":"<p>Die Seite follow-me24.de ist ein Angebot der Wothke-Weber GmbH Wothke-Weber GmbHLandsberger Stra\u00dfe 2848161 M\u00fcnster Gesch\u00e4ftsf\u00fchrer: Manuel B\u00fccker Telefon 0251\/141 84 -0Telefax 0251\/141 84-11 info@wothke-weber.de USt.-IdNr. DE 287 704 026 Steuer-Nr. 336\/5775\/2934 M\u00fcnster&nbsp;HRB 14301 Inhaltlich Verantwortlich: Manuel B\u00fccker Allgemeinen Nutzungsbedingungen Anwendungsbereich \/ Geltung Bei follow-me24.de handelt es sich um ein Internetangebot der Wothke-Weber GmbH. Die nachfolgenden &hellip; <\/p>\n<p class=\"link-more\"><a href=\"http:\/\/wp.follow-me24.de\/?page_id=16\" class=\"more-link\"><span class=\"screen-reader-text\">\u201eImpressum\u201c<\/span> weiterlesen<\/a><\/p>\n","protected":false},"author":1,"featured_media":0,"parent":2,"menu_order":0,"comment_status":"closed","ping_status":"closed","template":"","meta":[],"_links":{"self":[{"href":"http:\/\/wp.follow-me24.de\/index.php?rest_route=\/wp\/v2\/pages\/16"}],"collection":[{"href":"http:\/\/wp.follow-me24.de\/index.php?rest_route=\/wp\/v2\/pages"}],"about":[{"href":"http:\/\/wp.follow-me24.de\/index.php?rest_route=\/wp\/v2\/types\/page"}],"author":[{"embeddable":true,"href":"http:\/\/wp.follow-me24.de\/index.php?rest_route=\/wp\/v2\/users\/1"}],"replies":[{"embeddable":true,"href":"http:\/\/wp.follow-me24.de\/index.php?rest_route=%2Fwp%2Fv2%2Fcomments&post=16"}],"version-history":[{"count":3,"href":"http:\/\/wp.follow-me24.de\/index.php?rest_route=\/wp\/v2\/pages\/16\/revisions"}],"predecessor-version":[{"id":41,"href":"http:\/\/wp.follow-me24.de\/index.php?rest_route=\/wp\/v2\/pages\/16\/revisions\/41"}],"up":[{"embeddable":true,"href":"http:\/\/wp.follow-me24.de\/index.php?rest_route=\/wp\/v2\/pages\/2"}],"wp:attachment":[{"href":"http:\/\/wp.follow-me24.de\/index.php?rest_route=%2Fwp%2Fv2%2Fmedia&parent=16"}],"curies":[{"name":"wp","href":"https:\/\/api.w.org\/{rel}","templated":true}]}}